{"id":1666,"date":"2026-02-22T19:14:10","date_gmt":"2026-02-22T18:14:10","guid":{"rendered":"https:\/\/mhapps.majo2000.bplaced.net\/?page_id=1666"},"modified":"2026-02-22T19:14:12","modified_gmt":"2026-02-22T18:14:12","slug":"power-bi-dax","status":"publish","type":"page","link":"https:\/\/mhapps.majo2000.bplaced.net\/?page_id=1666","title":{"rendered":"Power BI DAX"},"content":{"rendered":"\n  \n    <section class=\"u-clearfix u-section-1\" id=\"sec-c5c9\">\n      <div class=\"u-clearfix u-sheet u-sheet-1\">\n        <div class=\"data-layout-selected u-clearfix u-expanded-width u-layout-wrap u-layout-wrap-1\">\n          <div class=\"u-layout\">\n            <div class=\"u-layout-row\">\n              <div class=\"u-container-style u-image u-layout-cell u-size-30 u-image-1\" data-image-width=\"1071\" data-image-height=\"726\" style=\"background-image: url(&quot;https:\/\/mhapps.majo2000.bplaced.net\/wp-content\/uploads\/2026\/02\/Screenshot_Start2.png&quot;);\">\n                <div class=\"u-container-layout u-valign-top u-container-layout-1\"><\/div>\n              <\/div>\n              <div class=\"u-align-center u-container-align-center u-container-style u-layout-cell u-size-30 u-layout-cell-2\">\n                <div class=\"u-container-layout u-container-layout-2\">\n                  <h2 class=\"u-text u-text-default u-text-1\">Power BI DAX<\/h2>\n                  <p class=\"u-text u-text-2\">Hier erfahrt ihr mehr \u00fcber die App Power BI DAX.<br>Download gratis im <a href=\"https:\/\/play.google.com\/store\/apps\/details?id=appinventor.ai_mistertequila2007.NGR\" class=\"u-active-none u-border-none u-btn u-button-link u-button-style u-hover-none u-none u-text-palette-1-base u-btn-1\" target=\"_blank\">Google Store<\/a>&nbsp;und bei <a href=\"https:\/\/ngr.de.uptodown.com\/android\" class=\"u-active-none u-border-none u-btn u-button-link u-button-style u-hover-none u-none u-text-palette-1-base u-btn-2\" target=\"_blank\">UpToDown<\/a>!\n                  <\/p>\n                  <img decoding=\"async\" class=\"u-image u-image-round u-radius-10 u-image-2\" src=\"https:\/\/mhapps.majo2000.bplaced.net\/wp-content\/uploads\/2026\/02\/Logo2.png\" alt=\"\" data-image-width=\"512\" data-image-height=\"512\" data-href=\"https:\/\/play.google.com\/store\/apps\/details?id=appinventor.ai_mistertequila2007.NGR\" data-target=\"_blank\">\n                <\/div>\n              <\/div>\n            <\/div>\n          <\/div>\n        <\/div>\n        <div class=\"u-clearfix u-custom-html u-custom-html-1\">\n          <a href=\"https:\/\/play.google.com\/store\/apps\/details?id=appinventor.ai_mistertequila2007.Power_BI_DAX&amp;pcampaignid=pcampaignidMKT-Other-global-all-co-prtnr-py-PartBadge-Mar2515-1\">\n            <img decoding=\"async\" alt=\"Jetzt bei Google Play\" src=\"https:\/\/play.google.com\/intl\/en_us\/badges\/static\/images\/badges\/de_badge_web_generic.png\">\n          <\/a>\n        <\/div>\n        <div class=\"u-clearfix u-custom-html u-custom-html-2\">\n          <a href=\"https:\/\/power-bi-dax.de.uptodown.com\/android\" title=\"Download Power BI DAX\" target=\"_blank\">\n            <img decoding=\"async\" src=\"https:\/\/stc.utdstc.com\/img\/mediakit\/download-gio-small.png\" alt=\"Download Power BI DAX\">\n          <\/a>\n        <\/div>\n      <\/div>\n    <\/section>\n    <section class=\"u-align-center u-clearfix u-container-align-center u-image u-shading u-section-2\" src=\"\" data-image-width=\"1592\" data-image-height=\"1026\" id=\"sec-b072\" style=\"background-image: linear-gradient(0deg, rgba(0, 0, 0, 0.55), rgba(0, 0, 0, 0.55)), url(&quot;https:\/\/mhapps.majo2000.bplaced.net\/wp-content\/uploads\/2026\/02\/Screenshot_Tab6.jpg&quot;);\">\n      <div class=\"u-clearfix u-sheet u-sheet-1\">\n        <h1 class=\"u-text u-title u-text-1\">Lerne alle DAX-Funktionen<\/h1>\n        <p class=\"u-large-text u-text u-text-variant u-text-2\">Einfache Kategorien und schnelle Suche! Auch in englischer Sprache verf\u00fcgbar.<\/p>\n        <a href=\"https:\/\/grundsteuer.de\/\" class=\"u-btn u-button-style u-palette-2-base u-btn-1\" target=\"_blank\">mehr \u00fcber die Power BI DAX-Funktionen<\/a>\n      <\/div>\n    <\/section>\n    <section class=\"u-align-center u-clearfix u-container-align-center u-palette-1-base u-section-3\" id=\"sec-0588\">\n      <div class=\"u-clearfix u-sheet u-valign-middle u-sheet-1\">\n        <div class=\"u-align-left u-expanded-width-sm u-expanded-width-xs u-video u-video-1\">\n          <div class=\"embed-responsive embed-responsive-1\">\n            <iframe style=\"position: absolute;top: 0;left: 0;width: 100%;height: 100%;\" class=\"embed-responsive-item\" src=\"https:\/\/www.youtube-nocookie.com\/embed\/8wd-x52WFWY?mute=0&amp;showinfo=0&amp;controls=0&amp;start=0\" frameborder=\"0\" allowfullscreen=\"\"><\/iframe>\n          <\/div>\n        <\/div>\n        <h2 class=\"u-text u-text-default u-text-1\">Power BI DAX-Demo bei Youtube<\/h2>\n        <p class=\"u-text u-text-2\">kurzes Demo-Video<\/p>\n      <\/div>\n    <\/section>\n    <section class=\"u-align-center u-clearfix u-container-align-center u-section-4\" id=\"sec-521f\">\n      <div class=\"u-clearfix u-sheet u-valign-middle u-sheet-1\">\n        <h1 class=\"u-text u-text-default u-text-1\">MHApps-News<\/h1>\n        <div class=\"u-blog u-container-style u-expanded-width u-layout-horizontal u-blog-1 u-hidden-visibility\" >\n          <div class=\"u-list-control\"><\/div>\n          <div class=\"u-repeater u-repeater-1\">\n            <div class=\"u-blog-post u-container-style u-repeater-item\">\n              <div class=\"u-container-layout u-similar-container u-container-layout-1\">\n                <h2 class=\"u-blog-control u-text u-text-2\">\n                  <a class=\"u-post-header-link\" href=\"https:\/\/mhapps.majo2000.bplaced.net\/?p=1657\">Reiko-Checker BRB Update auf Version 1.01 online seit  03.01.2024<\/a>\n                <\/h2><a class=\"u-blog-control u-expanded-width u-image u-image-default u-image-1\" href=\"https:\/\/mhapps.majo2000.bplaced.net\/?p=1657\">\n                <img decoding=\"async\" src=\"https:\/\/mhapps.majo2000.bplaced.net\/wp-content\/uploads\/2026\/02\/TravelExpenseChecker.png\" alt=\"\" class=\"u-blog-control u-expanded-width u-image u-image-default u-image-1\" data-image-width=\"1278\" data-image-height=\"667\"><\/a>\n                <div class=\"u-blog-control u-post-content u-text u-text-3\">Reiko-Checker BRB Update auf Version 1.01 online seit \u00a003.01.2024- jetzt verbessertes Design und Berechnungen bis zum Jahr 2024 m\u00f6glich<\/div>\n                <div class=\"u-blog-control u-metadata u-metadata-1\"><span class=\"u-meta-date u-meta-icon\">22. Februar 2026<\/span>\n                <\/div>\n              <\/div>\n            <\/div>\n            <div class=\"u-blog-post u-container-style u-repeater-item\">\n              <div class=\"u-container-layout u-similar-container u-container-layout-2\">\n                <h2 class=\"u-blog-control u-text u-text-4\">\n                  <a class=\"u-post-header-link\" href=\"https:\/\/mhapps.majo2000.bplaced.net\/?p=1656\">Reiko-Checker BRB online seit  28.12.2023<\/a>\n                <\/h2><a class=\"u-blog-control u-expanded-width u-image u-image-default u-image-2\" href=\"https:\/\/mhapps.majo2000.bplaced.net\/?p=1656\">\n                <img decoding=\"async\" src=\"https:\/\/mhapps.majo2000.bplaced.net\/wp-content\/uploads\/2026\/02\/TravelExpenseChecker.png\" alt=\"\" class=\"u-blog-control u-expanded-width u-image u-image-default u-image-2\"><\/a>\n                <div class=\"u-blog-control u-post-content u-text u-text-5\">Reiko-Checker BRB \u00a0online seit \u00a028.12.2023Berechnung der Reisekosten nach brandenburgischen Recht f\u00fcr den \u00d6ffentlichen Dienst<\/div>\n                <div class=\"u-blog-control u-metadata u-metadata-2\"><span class=\"u-meta-date u-meta-icon\">22. Februar 2026<\/span>\n                <\/div>\n              <\/div>\n            <\/div>\n            <div class=\"u-blog-post u-container-style u-repeater-item\">\n              <div class=\"u-container-layout u-similar-container u-container-layout-3\">\n                <h2 class=\"u-blog-control u-text u-text-6\">\n                  <a class=\"u-post-header-link\" href=\"https:\/\/mhapps.majo2000.bplaced.net\/?p=1655\">AfA-Rechner V 2.00 online seit 18.08.2023<\/a>\n                <\/h2><a class=\"u-blog-control u-expanded-width u-image u-image-default u-image-3\" href=\"https:\/\/mhapps.majo2000.bplaced.net\/?p=1655\">\n                <img decoding=\"async\" src=\"https:\/\/mhapps.majo2000.bplaced.net\/wp-content\/uploads\/2026\/02\/baseline_trending_down_black_48.png\" alt=\"\" class=\"u-blog-control u-expanded-width u-image u-image-default u-image-3\" data-image-width=\"2302\" data-image-height=\"1092\"><\/a>\n                <div class=\"u-blog-control u-post-content u-text u-text-7\">AfA-Rechner V 2.00 online seit 18.08.2023 - Neuerungen: Google-Richtlinien-Update und Logout-Button<\/div>\n                <div class=\"u-blog-control u-metadata u-metadata-3\"><span class=\"u-meta-date u-meta-icon\">22. Februar 2026<\/span>\n                <\/div>\n              <\/div>\n            <\/div>\n            <div class=\"u-blog-post u-container-style u-repeater-item\">\n              <div class=\"u-container-layout u-similar-container u-container-layout-4\">\n                <h2 class=\"u-blog-control u-text u-text-8\">\n                  <a class=\"u-post-header-link\" href=\"https:\/\/mhapps.majo2000.bplaced.net\/?p=1654\">neue App Power BI DAX online seit 10.02.2023<\/a>\n                <\/h2><a class=\"u-blog-control u-expanded-width u-image u-image-default u-image-4\" href=\"https:\/\/mhapps.majo2000.bplaced.net\/?p=1654\">\n                <img decoding=\"async\" src=\"https:\/\/mhapps.majo2000.bplaced.net\/wp-content\/uploads\/2026\/02\/Screenshot_Start2.png\" alt=\"\" class=\"u-blog-control u-expanded-width u-image u-image-default u-image-4\" data-image-width=\"2416\" data-image-height=\"1156\"><\/a>\n                <div class=\"u-blog-control u-post-content u-text u-text-9\">Ab sofort (10.02.2023) gibt es das erste deutsche Nachschlagewerk f\u00fcr die Power BI DAX-Funktionen f\u00fcr dein Smartphone im Google Store<\/div>\n                <div class=\"u-blog-control u-metadata u-metadata-4\"><span class=\"u-meta-date u-meta-icon\">22. Februar 2026<\/span>\n                <\/div>\n              <\/div>\n            <\/div>\n            <div class=\"u-blog-post u-container-style u-repeater-item\">\n              <div class=\"u-container-layout u-similar-container u-container-layout-5\">\n                <h2 class=\"u-blog-control u-text u-text-10\">\n                  <a class=\"u-post-header-link\" href=\"https:\/\/mhapps.majo2000.bplaced.net\/?p=1653\">NGR - Update Version 1.06 vom 19.03.2022<\/a>\n                <\/h2><a class=\"u-blog-control u-expanded-width u-image u-image-default u-image-5\" href=\"https:\/\/mhapps.majo2000.bplaced.net\/?p=1653\">\n                <img decoding=\"async\" src=\"https:\/\/mhapps.majo2000.bplaced.net\/wp-content\/uploads\/2026\/02\/home-146585_640.png\" alt=\"\" class=\"u-blog-control u-expanded-width u-image u-image-default u-image-5\" data-image-width=\"2416\" data-image-height=\"1156\"><\/a>\n                <div class=\"u-blog-control u-post-content u-text u-text-11\">NGR - Update Version 1.06 vom 19.03.2022- Hilfeseite der Grundsteuerhebes\u00e4tze f\u00fcr Land Bayern (nun alle Bundesl\u00e4nder vertreten)- Bayern, &hellip;<\/div>\n                <div class=\"u-blog-control u-metadata u-metadata-5\"><span class=\"u-meta-date u-meta-icon\">22. Februar 2026<\/span>\n                <\/div>\n              <\/div>\n            <\/div>\n            <div class=\"u-blog-post u-container-style u-repeater-item\">\n              <div class=\"u-container-layout u-similar-container u-container-layout-6\">\n                <h2 class=\"u-blog-control u-text u-text-12\">\n                  <a class=\"u-post-header-link\" href=\"https:\/\/mhapps.majo2000.bplaced.net\/?p=1652\">NGR-Neue Grundsteuer-App-Demo-Video ver\u00f6ffentlicht<\/a>\n                <\/h2><a class=\"u-blog-control u-expanded-width u-image u-image-default u-image-6\" href=\"https:\/\/mhapps.majo2000.bplaced.net\/?p=1652\">\n                <img decoding=\"async\" src=\"https:\/\/mhapps.majo2000.bplaced.net\/wp-content\/uploads\/2026\/02\/Screenshot2022-01-31194016.png\" alt=\"\" class=\"u-blog-control u-expanded-width u-image u-image-default u-image-6\" data-image-width=\"2416\" data-image-height=\"1156\"><\/a>\n                <div class=\"u-blog-control u-post-content u-text u-text-13\">NGR-Neue Grundsteuer-App-Demo-Video ver\u00f6ffentlicht<\/div>\n                <div class=\"u-blog-control u-metadata u-metadata-6\"><span class=\"u-meta-date u-meta-icon\">22. Februar 2026<\/span>\n                <\/div>\n              <\/div>\n            <\/div>\n            <div class=\"u-blog-post u-container-style u-repeater-item\">\n              <div class=\"u-container-layout u-similar-container u-container-layout-1\">\n                <h2 class=\"u-blog-control u-text u-text-2\">\n                  <a class=\"u-post-header-link\" href=\"https:\/\/mhapps.majo2000.bplaced.net\/?p=1651\">AfA-Rechner V 1.00 online<\/a>\n                <\/h2><a class=\"u-blog-control u-expanded-width u-image u-image-default u-image-1\" href=\"https:\/\/mhapps.majo2000.bplaced.net\/?p=1651\">\n                <img decoding=\"async\" src=\"https:\/\/mhapps.majo2000.bplaced.net\/wp-content\/uploads\/2026\/02\/Screenshot2022-01-16194618.png\" alt=\"\" class=\"u-blog-control u-expanded-width u-image u-image-default u-image-1\" data-image-width=\"1278\" data-image-height=\"667\"><\/a>\n                <div class=\"u-blog-control u-post-content u-text u-text-3\">AfA-Rechner V 1.00 online<\/div>\n                <div class=\"u-blog-control u-metadata u-metadata-1\"><span class=\"u-meta-date u-meta-icon\">22. Februar 2026<\/span>\n                <\/div>\n              <\/div>\n            <\/div>\n            <div class=\"u-blog-post u-container-style u-repeater-item\">\n              <div class=\"u-container-layout u-similar-container u-container-layout-2\">\n                <h2 class=\"u-blog-control u-text u-text-4\">\n                  <a class=\"u-post-header-link\" href=\"https:\/\/mhapps.majo2000.bplaced.net\/?p=1650\">NGR - Update Version 1.05 vom 04.03.2022<\/a>\n                <\/h2><a class=\"u-blog-control u-expanded-width u-image u-image-default u-image-2\" href=\"https:\/\/mhapps.majo2000.bplaced.net\/?p=1650\">\n                <img decoding=\"async\" src=\"https:\/\/mhapps.majo2000.bplaced.net\/wp-content\/uploads\/2026\/02\/home-146585_640.png\" alt=\"\" class=\"u-blog-control u-expanded-width u-image u-image-default u-image-2\"><\/a>\n                <div class=\"u-blog-control u-post-content u-text u-text-5\">NGR - Update Version 1.05 vom 04.03.2022- Einf\u00fchrung der Datenbank mit Wartezeit- Vorausf\u00fcllfunktion f\u00fcr Hebesatz f\u00fcr alle Gemeinden- &hellip;<\/div>\n                <div class=\"u-blog-control u-metadata u-metadata-2\"><span class=\"u-meta-date u-meta-icon\">22. Februar 2026<\/span>\n                <\/div>\n              <\/div>\n            <\/div>\n            <div class=\"u-blog-post u-container-style u-repeater-item\">\n              <div class=\"u-container-layout u-similar-container u-container-layout-3\">\n                <h2 class=\"u-blog-control u-text u-text-6\">\n                  <a class=\"u-post-header-link\" href=\"https:\/\/mhapps.majo2000.bplaced.net\/?p=1649\">NGR - Update Version 1.04 vom 01.01.2022<\/a>\n                <\/h2><a class=\"u-blog-control u-expanded-width u-image u-image-default u-image-3\" href=\"https:\/\/mhapps.majo2000.bplaced.net\/?p=1649\">\n                <img decoding=\"async\" src=\"https:\/\/mhapps.majo2000.bplaced.net\/wp-content\/uploads\/2026\/02\/NGR1_Bild4.jpg\" alt=\"\" class=\"u-blog-control u-expanded-width u-image u-image-default u-image-3\" data-image-width=\"2302\" data-image-height=\"1092\"><\/a>\n                <div class=\"u-blog-control u-post-content u-text u-text-7\">NGR - Update Version 1.04 vom 01.01.2022- Grundsteuerhebes\u00e4tze der Gemeinden als Hilfeseite- Suchfunktion f\u00fcr die Gemeinden- Test der &hellip;<\/div>\n                <div class=\"u-blog-control u-metadata u-metadata-3\"><span class=\"u-meta-date u-meta-icon\">22. Februar 2026<\/span>\n                <\/div>\n              <\/div>\n            <\/div>\n            <div class=\"u-blog-post u-container-style u-repeater-item\">\n              <div class=\"u-container-layout u-similar-container u-container-layout-4\">\n                <h2 class=\"u-blog-control u-text u-text-8\">\n                  <a class=\"u-post-header-link\" href=\"https:\/\/mhapps.majo2000.bplaced.net\/?p=1648\">Neues Update des NGR mit Version 1.03 online<\/a>\n                <\/h2><a class=\"u-blog-control u-expanded-width u-image u-image-default u-image-4\" href=\"https:\/\/mhapps.majo2000.bplaced.net\/?p=1648\">\n                <img decoding=\"async\" src=\"https:\/\/mhapps.majo2000.bplaced.net\/wp-content\/uploads\/2026\/02\/NGR1_Bild4.jpg\" alt=\"\" class=\"u-blog-control u-expanded-width u-image u-image-default u-image-4\" data-image-width=\"2416\" data-image-height=\"1156\"><\/a>\n                <div class=\"u-blog-control u-post-content u-text u-text-9\">Neuerungen: \u00a0Hilfeseite zum Mietniveau f\u00fcr die restlichen Bundesl\u00e4nder, alle Gemeinden ausw\u00e4hlbar (Vorbereitung, noch keine Funktion)<\/div>\n                <div class=\"u-blog-control u-metadata u-metadata-4\"><span class=\"u-meta-date u-meta-icon\">22. Februar 2026<\/span>\n                <\/div>\n              <\/div>\n            <\/div>\n            <div class=\"u-blog-post u-container-style u-repeater-item\">\n              <div class=\"u-container-layout u-similar-container u-container-layout-5\">\n                <h2 class=\"u-blog-control u-text u-text-10\">\n                  <a class=\"u-post-header-link\" href=\"https:\/\/mhapps.majo2000.bplaced.net\/?p=1647\">Neues Update des NGR V 1.02 online<\/a>\n                <\/h2><a class=\"u-blog-control u-expanded-width u-image u-image-default u-image-5\" href=\"https:\/\/mhapps.majo2000.bplaced.net\/?p=1647\">\n                <img decoding=\"async\" src=\"https:\/\/mhapps.majo2000.bplaced.net\/wp-content\/uploads\/2026\/02\/NGR1_Bild1.jpg\" alt=\"\" class=\"u-blog-control u-expanded-width u-image u-image-default u-image-5\" data-image-width=\"2416\" data-image-height=\"1156\"><\/a>\n                <div class=\"u-blog-control u-post-content u-text u-text-11\">Neuerung:- optische Anpassungen, Wegfall der Fehlerbenachrichtigung, Hilfeseite zum Mietniveau eingef\u00fcgt zun\u00e4chst f\u00fcr die Bundesl\u00e4nder BW, BE und BRB<\/div>\n                <div class=\"u-blog-control u-metadata u-metadata-5\"><span class=\"u-meta-date u-meta-icon\">22. Februar 2026<\/span>\n                <\/div>\n              <\/div>\n            <\/div>\n            <div class=\"u-blog-post u-container-style u-repeater-item\">\n              <div class=\"u-container-layout u-similar-container u-container-layout-6\">\n                <h2 class=\"u-blog-control u-text u-text-12\">\n                  <a class=\"u-post-header-link\" href=\"https:\/\/mhapps.majo2000.bplaced.net\/?p=1646\">NGR - erstes Update online V 1.01<\/a>\n                <\/h2><a class=\"u-blog-control u-expanded-width u-image u-image-default u-image-6\" href=\"https:\/\/mhapps.majo2000.bplaced.net\/?p=1646\">\n                <img decoding=\"async\" src=\"https:\/\/mhapps.majo2000.bplaced.net\/wp-content\/uploads\/2026\/02\/NGR1_Bild.jpg\" alt=\"\" class=\"u-blog-control u-expanded-width u-image u-image-default u-image-6\" data-image-width=\"2416\" data-image-height=\"1156\"><\/a>\n                <div class=\"u-blog-control u-post-content u-text u-text-13\">Mit dem Update erfolgten folgende \u00c4nderungen: \u00a0\u00a0Bugfix f\u00fcr unbebaute Grundst\u00fccke, Erweiterung der Bundesl\u00e4nder nach Bundesmodell, optische Anpassungen<\/div>\n                <div class=\"u-blog-control u-metadata u-metadata-6\"><span class=\"u-meta-date u-meta-icon\">22. Februar 2026<\/span>\n                <\/div>\n              <\/div>\n            <\/div>\n            <div class=\"u-blog-post u-container-style u-repeater-item\">\n              <div class=\"u-container-layout u-similar-container u-container-layout-1\">\n                <h2 class=\"u-blog-control u-text u-text-2\">\n                  <a class=\"u-post-header-link\" href=\"https:\/\/mhapps.majo2000.bplaced.net\/?p=1645\">NGR - Neue Grundsteuer-Rechner geht online V 1.00<\/a>\n                <\/h2><a class=\"u-blog-control u-expanded-width u-image u-image-default u-image-1\" href=\"https:\/\/mhapps.majo2000.bplaced.net\/?p=1645\">\n                <img decoding=\"async\" src=\"https:\/\/mhapps.majo2000.bplaced.net\/wp-content\/uploads\/2026\/02\/NGR1_Bild1.jpg\" alt=\"\" class=\"u-blog-control u-expanded-width u-image u-image-default u-image-1\" data-image-width=\"1278\" data-image-height=\"667\"><\/a>\n                <div class=\"u-blog-control u-post-content u-text u-text-3\">NGR - Neue Grundsteuer-Rechner geht online mit Version 1.00Es sind erste Berechnung der neuen Grundsteuer nach dem Bundesmodell m\u00f6glich!<\/div>\n                <div class=\"u-blog-control u-metadata u-metadata-1\"><span class=\"u-meta-date u-meta-icon\">22. Februar 2026<\/span>\n                <\/div>\n              <\/div>\n            <\/div>\n          <\/div>\n          <div class=\"u-list-control\"><\/div>\n          <a class=\"u-absolute-vcenter u-gallery-nav u-gallery-nav-prev u-grey-70 u-icon-circle u-opacity u-opacity-70 u-spacing-10 u-text-white u-gallery-nav-1\" href=\"#\" role=\"button\"><span aria-hidden=\"true\">\n              <svg viewBox=\"0 0 451.847 451.847\"><path d=\"M97.141,225.92c0-8.095,3.091-16.192,9.259-22.366L300.689,9.27c12.359-12.359,32.397-12.359,44.751,0\nc12.354,12.354,12.354,32.388,0,44.748L173.525,225.92l171.903,171.909c12.354,12.354,12.354,32.391,0,44.744\nc-12.354,12.365-32.386,12.365-44.745,0l-194.29-194.281C100.226,242.115,97.141,234.018,97.141,225.92z\"><\/path><\/svg><\/span><span class=\"sr-only\">\n              <svg viewBox=\"0 0 451.847 451.847\"><path d=\"M97.141,225.92c0-8.095,3.091-16.192,9.259-22.366L300.689,9.27c12.359-12.359,32.397-12.359,44.751,0\nc12.354,12.354,12.354,32.388,0,44.748L173.525,225.92l171.903,171.909c12.354,12.354,12.354,32.391,0,44.744\nc-12.354,12.365-32.386,12.365-44.745,0l-194.29-194.281C100.226,242.115,97.141,234.018,97.141,225.92z\"><\/path><\/svg><\/span>\n          <\/a>\n          <a class=\"u-absolute-vcenter u-gallery-nav u-gallery-nav-next u-grey-70 u-icon-circle u-opacity u-opacity-70 u-spacing-10 u-text-white u-gallery-nav-2\" href=\"#\" role=\"button\"><span aria-hidden=\"true\">\n              <svg viewBox=\"0 0 451.846 451.847\"><path d=\"M345.441,248.292L151.154,442.573c-12.359,12.365-32.397,12.365-44.75,0c-12.354-12.354-12.354-32.391,0-44.744\nL278.318,225.92L106.409,54.017c-12.354-12.359-12.354-32.394,0-44.748c12.354-12.359,32.391-12.359,44.75,0l194.287,194.284\nc6.177,6.18,9.262,14.271,9.262,22.366C354.708,234.018,351.617,242.115,345.441,248.292z\"><\/path><\/svg><\/span><span class=\"sr-only\">\n              <svg viewBox=\"0 0 451.846 451.847\"><path d=\"M345.441,248.292L151.154,442.573c-12.359,12.365-32.397,12.365-44.75,0c-12.354-12.354-12.354-32.391,0-44.744\nL278.318,225.92L106.409,54.017c-12.354-12.359-12.354-32.394,0-44.748c12.354-12.359,32.391-12.359,44.75,0l194.287,194.284\nc6.177,6.18,9.262,14.271,9.262,22.366C354.708,234.018,351.617,242.115,345.441,248.292z\"><\/path><\/svg><\/span>\n          <\/a>\n        <\/div>\n      <\/div>\n    <\/section>\n    \n    \n    \n    \n  \n","protected":false},"excerpt":{"rendered":"<p>Power BI DAX Hier erfahrt ihr mehr \u00fcber die App Power BI DAX.Download gratis im Google Store&nbsp;und bei UpToDown! Lerne alle DAX-Funktionen Einfache Kategorien und schnelle Suche! Auch in englischer Sprache verf\u00fcgbar. mehr \u00fcber die Power BI DAX-Funktionen Power BI DAX-Demo bei Youtube kurzes Demo-Video MHApps-News Reiko-Checker BRB Update auf Version 1.01 online seit 03.01.2024 &hellip; <a href=\"https:\/\/mhapps.majo2000.bplaced.net\/?page_id=1666\" class=\"more-link\">Continue reading<span class=\"screen-reader-text\"> &#8220;Power BI DAX&#8221;<\/span><\/a><\/p>\n","protected":false},"author":1,"featured_media":0,"parent":0,"menu_order":9,"comment_status":"closed","ping_status":"closed","template":"","meta":{"footnotes":""},"class_list":["post-1666","page","type-page","status-publish","hentry"],"_links":{"self":[{"href":"https:\/\/mhapps.majo2000.bplaced.net\/index.php?rest_route=\/wp\/v2\/pages\/1666","targetHints":{"allow":["GET"]}}],"collection":[{"href":"https:\/\/mhapps.majo2000.bplaced.net\/index.php?rest_route=\/wp\/v2\/pages"}],"about":[{"href":"https:\/\/mhapps.majo2000.bplaced.net\/index.php?rest_route=\/wp\/v2\/types\/page"}],"author":[{"embeddable":true,"href":"https:\/\/mhapps.majo2000.bplaced.net\/index.php?rest_route=\/wp\/v2\/users\/1"}],"replies":[{"embeddable":true,"href":"https:\/\/mhapps.majo2000.bplaced.net\/index.php?rest_route=%2Fwp%2Fv2%2Fcomments&post=1666"}],"version-history":[{"count":1,"href":"https:\/\/mhapps.majo2000.bplaced.net\/index.php?rest_route=\/wp\/v2\/pages\/1666\/revisions"}],"predecessor-version":[{"id":1689,"href":"https:\/\/mhapps.majo2000.bplaced.net\/index.php?rest_route=\/wp\/v2\/pages\/1666\/revisions\/1689"}],"wp:attachment":[{"href":"https:\/\/mhapps.majo2000.bplaced.net\/index.php?rest_route=%2Fwp%2Fv2%2Fmedia&parent=1666"}],"curies":[{"name":"wp","href":"https:\/\/api.w.org\/{rel}","templated":true}]}}